{"id":29,"date":"2019-09-28T21:13:50","date_gmt":"2019-09-28T19:13:50","guid":{"rendered":"http:\/\/skatingpoznan.com\/?page_id=29"},"modified":"2022-03-12T16:44:16","modified_gmt":"2022-03-12T15:44:16","slug":"kontakt","status":"publish","type":"page","link":"https:\/\/skatingpoznan.com\/index.php\/kontakt\/","title":{"rendered":"Kontakt"},"content":{"rendered":"\n<div class=\"wp-block-columns is-layout-flex wp-container-core-columns-is-layout-9d6595d7 wp-block-columns-is-layout-flex\">\n<div class=\"wp-block-column is-layout-flow wp-block-column-is-layout-flow\">\n<div class=\"wp-block-image\"><figure class=\"aligncenter size-large is-resized\"><img loading=\"lazy\" decoding=\"async\" src=\"https:\/\/skatingpoznan.com\/wp-content\/uploads\/2019\/10\/skatingpoznan_logo_kwadrat_600_tr.png\" alt=\"\" class=\"wp-image-76\" width=\"329\" height=\"329\" srcset=\"https:\/\/skatingpoznan.com\/wp-content\/uploads\/2019\/10\/skatingpoznan_logo_kwadrat_600_tr.png 600w, https:\/\/skatingpoznan.com\/wp-content\/uploads\/2019\/10\/skatingpoznan_logo_kwadrat_600_tr-150x150.png 150w, https:\/\/skatingpoznan.com\/wp-content\/uploads\/2019\/10\/skatingpoznan_logo_kwadrat_600_tr-300x300.png 300w, https:\/\/skatingpoznan.com\/wp-content\/uploads\/2019\/10\/skatingpoznan_logo_kwadrat_600_tr-100x100.png 100w\" sizes=\"auto, (max-width: 329px) 100vw, 329px\" \/><\/figure><\/div>\n<\/div>\n\n\n\n<div class=\"wp-block-column is-layout-flow wp-block-column-is-layout-flow\">\n<h3 class=\"wp-block-heading\">Klub \u0141y\u017cwiarstwa Figurowego Skating Pozna\u0144<\/h3>\n\n\n\n<p class=\"ticss-bb9ad501\">Email : <a rel=\"noreferrer noopener\" aria-label=\" (otwiera si\u0119 na nowej zak\u0142adce)\" href=\"mailto:kontakt@skatingpoznan.com\" target=\"_blank\">kontakt@skatingpoznan.com<\/a><br>Facebook : <a rel=\"noreferrer noopener\" aria-label=\" (otwiera si\u0119 na nowej zak\u0142adce)\" href=\"https:\/\/www.facebook.com\/kl.skating.poznan\" target=\"_blank\">https:\/\/www.facebook.com\/kl.skating.poznan<\/a><br>Instagram : <a href=\"https:\/\/www.instagram.com\/klfskatingpoznan\/\">@klfskatingpoznan<\/a><\/p>\n\n\n\n<p><\/p>\n\n\n\n<p>Dane rejestrowe:<br><strong>NIP<\/strong>: 7792511374<br><strong>REGON<\/strong>: 384934127<br>Wierzbi\u0119cice 44A\/40A<br>61-568 Pozna\u0144<br><\/p>\n\n\n\n<p class=\"has-small-font-size\">Zarejestrowane w rejestrze stowarzysze\u0144 S\u0105du Rejonowego Pozna\u0144-Nowe Miasto i Wilda w Poznaniu, VIII wydzia\u0142 gospodarczy Krajowego Rejestru S\u0105dowego<\/p>\n\n\n\n<p><strong><a href=\"https:\/\/skatingpoznan.com\/index.php\/treningi\/\">Zaj\u0119cia odbywaj\u0105 si\u0119 na Lodowisku &#8222;Chwia\u0142ka&#8221; ul. \u017belazka 1, 62-069 Pozna\u0144<\/a><\/strong><\/p>\n<\/div>\n<\/div>\n\n\n\n<p class=\"has-text-align-center\">Numer konta bankowego <strong>mBank<\/strong> <strong>07 1140 2004 0000 3102 7947 7364<\/strong><\/p>\n\n\n\n<p><\/p>\n","protected":false},"excerpt":{"rendered":"<p>Klub \u0141y\u017cwiarstwa Figurowego Skating Pozna\u0144 Email : kontakt@skatingpoznan.comFacebook : https:\/\/www.facebook.com\/kl.skating.poznanInstagram : @klfskatingpoznan Dane rejestrowe:NIP: 7792511374REGON: 384934127Wierzbi\u0119cice 44A\/40A61-568 Pozna\u0144 Zarejestrowane w rejestrze stowarzysze\u0144 S\u0105du Rejonowego Pozna\u0144-Nowe Miasto i Wilda w Poznaniu, VIII wydzia\u0142 gospodarczy Krajowego Rejestru S\u0105dowego Zaj\u0119cia odbywaj\u0105 si\u0119 na Lodowisku &#8222;Chwia\u0142ka&#8221; ul. \u017belazka 1, 62-069 Pozna\u0144 Numer konta bankowego mBank 07 1140 2004 0000&hellip; <br \/> <a class=\"read-more\" href=\"https:\/\/skatingpoznan.com\/index.php\/kontakt\/\">Dowiedz si\u0119 wi\u0119cej<\/a><\/p>\n","protected":false},"author":1,"featured_media":0,"parent":0,"menu_order":0,"comment_status":"closed","ping_status":"closed","template":"","meta":{"_themeisle_gutenberg_block_has_review":false,"footnotes":""},"class_list":["post-29","page","type-page","status-publish","hentry"],"_links":{"self":[{"href":"https:\/\/skatingpoznan.com\/index.php\/wp-json\/wp\/v2\/pages\/29","targetHints":{"allow":["GET"]}}],"collection":[{"href":"https:\/\/skatingpoznan.com\/index.php\/wp-json\/wp\/v2\/pages"}],"about":[{"href":"https:\/\/skatingpoznan.com\/index.php\/wp-json\/wp\/v2\/types\/page"}],"author":[{"embeddable":true,"href":"https:\/\/skatingpoznan.com\/index.php\/wp-json\/wp\/v2\/users\/1"}],"replies":[{"embeddable":true,"href":"https:\/\/skatingpoznan.com\/index.php\/wp-json\/wp\/v2\/comments?post=29"}],"version-history":[{"count":32,"href":"https:\/\/skatingpoznan.com\/index.php\/wp-json\/wp\/v2\/pages\/29\/revisions"}],"predecessor-version":[{"id":276,"href":"https:\/\/skatingpoznan.com\/index.php\/wp-json\/wp\/v2\/pages\/29\/revisions\/276"}],"wp:attachment":[{"href":"https:\/\/skatingpoznan.com\/index.php\/wp-json\/wp\/v2\/media?parent=29"}],"curies":[{"name":"wp","href":"https:\/\/api.w.org\/{rel}","templated":true}]}}