{"id":121,"date":"2019-12-04T00:13:42","date_gmt":"2019-12-03T23:13:42","guid":{"rendered":"https:\/\/skatingpoznan.com\/?page_id=121"},"modified":"2019-12-04T00:17:21","modified_gmt":"2019-12-03T23:17:21","slug":"polityka-prywatnosci","status":"publish","type":"page","link":"https:\/\/skatingpoznan.com\/index.php\/polityka-prywatnosci\/","title":{"rendered":"Polityka prywatno\u015bci"},"content":{"rendered":"\n<h3 class=\"wp-block-heading\">Pod poni\u017cszym linkiem znajduje si\u0119 dokument opisuj\u0105cy polityk\u0119 prywatno\u015bci<\/h3>\n\n\n\n<div class=\"wp-block-file\"><a href=\"https:\/\/skatingpoznan.com\/wp-content\/uploads\/2019\/12\/OBOWIA\u0328ZEK-INFORMACYJNY.pdf\">OBOWIA\u0328ZEK INFORMACYJNY<\/a><a href=\"https:\/\/skatingpoznan.com\/wp-content\/uploads\/2019\/12\/OBOWIA\u0328ZEK-INFORMACYJNY.pdf\" class=\"wp-block-file__button\" download>Pobierz<\/a><\/div>\n\n\n\n<p><\/p>\n","protected":false},"excerpt":{"rendered":"<p>Pod poni\u017cszym linkiem znajduje si\u0119 dokument opisuj\u0105cy polityk\u0119 prywatno\u015bci<\/p>\n","protected":false},"author":1,"featured_media":0,"parent":0,"menu_order":0,"comment_status":"closed","ping_status":"closed","template":"","meta":{"_themeisle_gutenberg_block_has_review":false,"footnotes":""},"class_list":["post-121","page","type-page","status-publish","hentry"],"_links":{"self":[{"href":"https:\/\/skatingpoznan.com\/index.php\/wp-json\/wp\/v2\/pages\/121","targetHints":{"allow":["GET"]}}],"collection":[{"href":"https:\/\/skatingpoznan.com\/index.php\/wp-json\/wp\/v2\/pages"}],"about":[{"href":"https:\/\/skatingpoznan.com\/index.php\/wp-json\/wp\/v2\/types\/page"}],"author":[{"embeddable":true,"href":"https:\/\/skatingpoznan.com\/index.php\/wp-json\/wp\/v2\/users\/1"}],"replies":[{"embeddable":true,"href":"https:\/\/skatingpoznan.com\/index.php\/wp-json\/wp\/v2\/comments?post=121"}],"version-history":[{"count":3,"href":"https:\/\/skatingpoznan.com\/index.php\/wp-json\/wp\/v2\/pages\/121\/revisions"}],"predecessor-version":[{"id":260,"href":"https:\/\/skatingpoznan.com\/index.php\/wp-json\/wp\/v2\/pages\/121\/revisions\/260"}],"wp:attachment":[{"href":"https:\/\/skatingpoznan.com\/index.php\/wp-json\/wp\/v2\/media?parent=121"}],"curies":[{"name":"wp","href":"https:\/\/api.w.org\/{rel}","templated":true}]}}